{"id":14,"date":"2013-05-18T23:25:44","date_gmt":"2013-05-18T21:25:44","guid":{"rendered":"http:\/\/localhost\/TUF_neu\/?page_id=14"},"modified":"2020-09-06T15:23:16","modified_gmt":"2020-09-06T13:23:16","slug":"testseite","status":"publish","type":"page","link":"https:\/\/www.tuf-ev.de\/tuf_neu\/beispiel-seite\/testseite\/","title":{"rendered":"Vorstand"},"content":{"rendered":"<p><span style=\"color: #000080;\">1. Vorsitzender<\/span><br \/>\nPeter Klatte<br \/>\nWilly-Brandt- Gesamtschule, M\u00fclheim<br \/>\n0208 &#8211; 455-4410<\/p>\n<p><span style=\"color: #000080;\">1. stellv. Vorsitzender<\/span><br \/>\nKlaus Trimborn<br \/>\nHeinrich-von-Kleist-Gymnasium, Bochum<br \/>\n0234-8912545<\/p>\n<p><span style=\"color: #000080;\">2. stellv. Vorsitzender<\/span><br \/>\nMarcel Sz\u00fcnstein<br \/>\nHelmholtz-Gymnasium Essen<\/p>\n<p><span style=\"color: #000080;\">Vorstandssprecher<\/span><br \/>\nFerry Dave J\u00e4ckel<br \/>\nWilly-Brandt- Gesamtschule, M\u00fclheim<br \/>\n0208 &#8211; 455-4410<\/p>\n<p><span style=\"color: #000080;\">Kassierer<\/span><br \/>\nJulian\u00a0Bossak<br \/>\nWilly-Brandt-Gesamtschule, M\u00fclheim<br \/>\n0208-455-4410<\/p>\n<p><span style=\"color: #000080;\"> Ehrenmitglieder <\/span><br \/>\nJohannes Lehmke<br \/>\nehemals Fachleiter am Studienseminar Recklinghausen und Lehrer am Hittorf-Gymnasium Recklinghausen<\/p>\n<p>Wolfgang Thiele<br \/>\nehemals Fachleiter am Studienseminar Essen und Lehrer am Helmholtz-Gymnasium Essen<\/p>\n<p>&nbsp;<\/p>\n","protected":false},"excerpt":{"rendered":"<p>1. Vorsitzender Peter Klatte Willy-Brandt- Gesamtschule, M\u00fclheim 0208 &#8211; 455-4410 1. stellv. Vorsitzender Klaus Trimborn Heinrich-von-Kleist-Gymnasium, Bochum 0234-8912545 2. stellv. Vorsitzender Marcel Sz\u00fcnstein Helmholtz-Gymnasium Essen Vorstandssprecher Ferry Dave J\u00e4ckel Willy-Brandt- Gesamtschule, M\u00fclheim 0208 &#8211; 455-4410 Kassierer Julian\u00a0Bossak Willy-Brandt-Gesamtschule, M\u00fclheim 0208-455-4410 Ehrenmitglieder Johannes Lehmke ehemals Fachleiter am Studienseminar Recklinghausen und Lehrer am Hittorf-Gymnasium Recklinghausen Wolfgang Thiele&nbsp;&hellip;<\/p>\n","protected":false},"author":1,"featured_media":0,"parent":2,"menu_order":0,"comment_status":"closed","ping_status":"closed","template":"fullwidthpage.php","meta":{"cybocfi_hide_featured_image":"","footnotes":""},"class_list":["post-14","page","type-page","status-publish","hentry"],"_links":{"self":[{"href":"https:\/\/www.tuf-ev.de\/tuf_neu\/wp-json\/wp\/v2\/pages\/14","targetHints":{"allow":["GET"]}}],"collection":[{"href":"https:\/\/www.tuf-ev.de\/tuf_neu\/wp-json\/wp\/v2\/pages"}],"about":[{"href":"https:\/\/www.tuf-ev.de\/tuf_neu\/wp-json\/wp\/v2\/types\/page"}],"author":[{"embeddable":true,"href":"https:\/\/www.tuf-ev.de\/tuf_neu\/wp-json\/wp\/v2\/users\/1"}],"replies":[{"embeddable":true,"href":"https:\/\/www.tuf-ev.de\/tuf_neu\/wp-json\/wp\/v2\/comments?post=14"}],"version-history":[{"count":18,"href":"https:\/\/www.tuf-ev.de\/tuf_neu\/wp-json\/wp\/v2\/pages\/14\/revisions"}],"predecessor-version":[{"id":1776,"href":"https:\/\/www.tuf-ev.de\/tuf_neu\/wp-json\/wp\/v2\/pages\/14\/revisions\/1776"}],"up":[{"embeddable":true,"href":"https:\/\/www.tuf-ev.de\/tuf_neu\/wp-json\/wp\/v2\/pages\/2"}],"wp:attachment":[{"href":"https:\/\/www.tuf-ev.de\/tuf_neu\/wp-json\/wp\/v2\/media?parent=14"}],"curies":[{"name":"wp","href":"https:\/\/api.w.org\/{rel}","templated":true}]}}