{"id":268,"date":"2013-07-14T17:21:10","date_gmt":"2013-07-14T15:21:10","guid":{"rendered":"http:\/\/www.tuf-ev.de\/tuf_neu\/?page_id=268"},"modified":"2013-07-14T17:22:57","modified_gmt":"2013-07-14T15:22:57","slug":"zukunft-durch-innovation","status":"publish","type":"page","link":"https:\/\/www.tuf-ev.de\/tuf_neu\/verbindungen\/zukunft-durch-innovation\/","title":{"rendered":"Zukunft durch Innovation"},"content":{"rendered":"<p><strong>Die Gemeinschaftsoffensive f\u00fcr MINT-Nachwuchs<\/strong><\/p>\n<p style=\"text-align: center;\"><a href=\"http:\/\/www.zdi-portal.de\"><img loading=\"lazy\" decoding=\"async\" class=\"size-full wp-image-269 aligncenter\" alt=\"Logo_zdi11_klein\" src=\"http:\/\/www.tuf-ev.de\/tuf_neu\/wp-content\/uploads\/2013\/07\/Logo_zdi11_klein.jpg\" width=\"483\" height=\"194\" srcset=\"https:\/\/www.tuf-ev.de\/tuf_neu\/wp-content\/uploads\/2013\/07\/Logo_zdi11_klein.jpg 483w, https:\/\/www.tuf-ev.de\/tuf_neu\/wp-content\/uploads\/2013\/07\/Logo_zdi11_klein-250x100.jpg 250w, https:\/\/www.tuf-ev.de\/tuf_neu\/wp-content\/uploads\/2013\/07\/Logo_zdi11_klein-125x50.jpg 125w\" sizes=\"auto, (max-width: 483px) 100vw, 483px\" \/><\/a><\/p>\n<p>Zukunft durch Innovation.NRW (kurz: zdi) ist eine Gemeinschaftsoffensive zur F\u00f6rderung des naturwissenschaftlich-technischen Nachwuchses in Nordrhein-Westfalen.<\/p>\n<p>Die gemeinsamen Ziele der Partner lauten:<\/p>\n<ul>\n<li>Gewinnung von mehr jungen Menschen f\u00fcr ein MINT-Studium oder eine MINT-Ausbildung<\/li>\n<li>Dadurch: Langfristige Sicherung des MINT-Nachwuchses auf regionaler Ebene<\/li>\n<li>Fr\u00fchzeitige Heranf\u00fchrung junger Menschen an gesellschaftlich relevante Themen \u00fcber MINT-Zug\u00e4nge, etwa zu den Themen Ressourcenschonung, Klimawandel, Energieversorgung und Armutsbek\u00e4mpfung<\/li>\n<\/ul>\n","protected":false},"excerpt":{"rendered":"<p>Die Gemeinschaftsoffensive f\u00fcr MINT-Nachwuchs Zukunft durch Innovation.NRW (kurz: zdi) ist eine Gemeinschaftsoffensive zur F\u00f6rderung des naturwissenschaftlich-technischen Nachwuchses in Nordrhein-Westfalen. Die gemeinsamen Ziele der Partner lauten: Gewinnung von mehr jungen Menschen f\u00fcr ein MINT-Studium oder eine MINT-Ausbildung Dadurch: Langfristige Sicherung des MINT-Nachwuchses auf regionaler Ebene Fr\u00fchzeitige Heranf\u00fchrung junger Menschen an gesellschaftlich relevante Themen \u00fcber MINT-Zug\u00e4nge, etwa&nbsp;&hellip;<\/p>\n","protected":false},"author":1,"featured_media":0,"parent":45,"menu_order":0,"comment_status":"closed","ping_status":"closed","template":"","meta":{"cybocfi_hide_featured_image":"","footnotes":""},"class_list":["post-268","page","type-page","status-publish","hentry"],"_links":{"self":[{"href":"https:\/\/www.tuf-ev.de\/tuf_neu\/wp-json\/wp\/v2\/pages\/268","targetHints":{"allow":["GET"]}}],"collection":[{"href":"https:\/\/www.tuf-ev.de\/tuf_neu\/wp-json\/wp\/v2\/pages"}],"about":[{"href":"https:\/\/www.tuf-ev.de\/tuf_neu\/wp-json\/wp\/v2\/types\/page"}],"author":[{"embeddable":true,"href":"https:\/\/www.tuf-ev.de\/tuf_neu\/wp-json\/wp\/v2\/users\/1"}],"replies":[{"embeddable":true,"href":"https:\/\/www.tuf-ev.de\/tuf_neu\/wp-json\/wp\/v2\/comments?post=268"}],"version-history":[{"count":2,"href":"https:\/\/www.tuf-ev.de\/tuf_neu\/wp-json\/wp\/v2\/pages\/268\/revisions"}],"predecessor-version":[{"id":271,"href":"https:\/\/www.tuf-ev.de\/tuf_neu\/wp-json\/wp\/v2\/pages\/268\/revisions\/271"}],"up":[{"embeddable":true,"href":"https:\/\/www.tuf-ev.de\/tuf_neu\/wp-json\/wp\/v2\/pages\/45"}],"wp:attachment":[{"href":"https:\/\/www.tuf-ev.de\/tuf_neu\/wp-json\/wp\/v2\/media?parent=268"}],"curies":[{"name":"wp","href":"https:\/\/api.w.org\/{rel}","templated":true}]}}