{"id":273,"date":"2013-07-14T17:46:20","date_gmt":"2013-07-14T15:46:20","guid":{"rendered":"http:\/\/www.tuf-ev.de\/tuf_neu\/?page_id=273"},"modified":"2017-01-24T22:46:04","modified_gmt":"2017-01-24T20:46:04","slug":"hochschulen","status":"publish","type":"page","link":"https:\/\/www.tuf-ev.de\/tuf_neu\/verbindungen\/hochschulen\/","title":{"rendered":"Hochschulen mit Studienangebot Technik gymnasiale Oberstufe in NRW"},"content":{"rendered":"<h2><strong>Universit\u00e4t Duisburg-Essen<\/strong><\/h2>\n<p>Der Lehrstuhl f\u00fcr <strong>Technologie und Didaktik der Technik<\/strong> an der <strong>Universit\u00e4t Duisburg-Essen<\/strong> bietet seit 1975 bzw. seit der Vereinigung der Gesamthochschulen Duisburg und Essen\u00a0die M\u00f6glichkeit, das Unterrichtsfach Technik f\u00fcr die Sekundarstufe II zu studieren.<\/p>\n<p>Weitere Infos \u00fcber den Studiengang und die Aktivit\u00e4ten finden Sie <a title=\"Universit\u00e4t Duisburg-Essen\" href=\"http:\/\/www.tud.uni-due.de\">hier<\/a>.<\/p>\n<p>Mittlerweile hat sich dort ein <a href=\"http:\/\/www.tud.uni-due.de\/index.php\/aktuelles\/163-konstituierung-eines-beirats-fuer-das-unterrichtsfach-technik\">Beirat<\/a> unter Beteiligung von Mitgliedern des TUF e.V. konstituiert, der die Abstimmung zwischen universit\u00e4rer Ausbildung und schulischen Anforderungen zum Ziel hat.<\/p>\n<p>______________________________________________________________________<\/p>\n<h2><strong>RWTH Aachen<\/strong><\/h2>\n<p>Mit Beginn des WS 2016\/17 besteht auch an der RWTH Aachen die M\u00f6glichkeit, Technik als Lehramtsfach f\u00fcr die gymnasiale Oberstufe an Gymnasien und Gesamtschulen zu studieren.<br \/>\nBei der Entwicklung des Studienangebotes wurde die Beratung durch TUF-Mitglieder gern angenommen.<\/p>\n<p>Weitere Infos \u00fcber den Studiengang und die Aktivit\u00e4ten\u00a0<a href=\"http:\/\/lehramt-technik.rwth-aachen.de\/?Studium\">sind hier zu finden.<\/a><\/p>\n","protected":false},"excerpt":{"rendered":"<p>Universit\u00e4t Duisburg-Essen Der Lehrstuhl f\u00fcr Technologie und Didaktik der Technik an der Universit\u00e4t Duisburg-Essen bietet seit 1975 bzw. seit der Vereinigung der Gesamthochschulen Duisburg und Essen\u00a0die M\u00f6glichkeit, das Unterrichtsfach Technik f\u00fcr die Sekundarstufe II zu studieren. Weitere Infos \u00fcber den Studiengang und die Aktivit\u00e4ten finden Sie hier. Mittlerweile hat sich dort ein Beirat unter Beteiligung&nbsp;&hellip;<\/p>\n","protected":false},"author":1,"featured_media":0,"parent":45,"menu_order":0,"comment_status":"closed","ping_status":"closed","template":"","meta":{"cybocfi_hide_featured_image":"","footnotes":""},"class_list":["post-273","page","type-page","status-publish","hentry"],"_links":{"self":[{"href":"https:\/\/www.tuf-ev.de\/tuf_neu\/wp-json\/wp\/v2\/pages\/273","targetHints":{"allow":["GET"]}}],"collection":[{"href":"https:\/\/www.tuf-ev.de\/tuf_neu\/wp-json\/wp\/v2\/pages"}],"about":[{"href":"https:\/\/www.tuf-ev.de\/tuf_neu\/wp-json\/wp\/v2\/types\/page"}],"author":[{"embeddable":true,"href":"https:\/\/www.tuf-ev.de\/tuf_neu\/wp-json\/wp\/v2\/users\/1"}],"replies":[{"embeddable":true,"href":"https:\/\/www.tuf-ev.de\/tuf_neu\/wp-json\/wp\/v2\/comments?post=273"}],"version-history":[{"count":15,"href":"https:\/\/www.tuf-ev.de\/tuf_neu\/wp-json\/wp\/v2\/pages\/273\/revisions"}],"predecessor-version":[{"id":1153,"href":"https:\/\/www.tuf-ev.de\/tuf_neu\/wp-json\/wp\/v2\/pages\/273\/revisions\/1153"}],"up":[{"embeddable":true,"href":"https:\/\/www.tuf-ev.de\/tuf_neu\/wp-json\/wp\/v2\/pages\/45"}],"wp:attachment":[{"href":"https:\/\/www.tuf-ev.de\/tuf_neu\/wp-json\/wp\/v2\/media?parent=273"}],"curies":[{"name":"wp","href":"https:\/\/api.w.org\/{rel}","templated":true}]}}