{"id":460,"date":"2013-09-22T17:14:04","date_gmt":"2013-09-22T15:14:04","guid":{"rendered":"http:\/\/www.tuf-ev.de\/tuf_neu\/?page_id=460"},"modified":"2013-10-20T18:03:59","modified_gmt":"2013-10-20T16:03:59","slug":"technikpreis-vde-rhein-ruhr-und-tuf-e-v","status":"publish","type":"page","link":"https:\/\/www.tuf-ev.de\/tuf_neu\/technikpreis-vde-rhein-ruhr-und-tuf-e-v\/","title":{"rendered":"Technikpreis VDE Rhein-Ruhr und TUF e.V."},"content":{"rendered":"<p><img loading=\"lazy\" decoding=\"async\" class=\"alignleft size-medium wp-image-461\" alt=\"Hinweisplakat_Technikpreis2013\" src=\"http:\/\/www.tuf-ev.de\/tuf_neu\/wp-content\/uploads\/2013\/09\/Hinweisplakat_Technikpreis2013_kl-250x353.jpeg\" width=\"212\" height=\"300\" srcset=\"https:\/\/www.tuf-ev.de\/tuf_neu\/wp-content\/uploads\/2013\/09\/Hinweisplakat_Technikpreis2013_kl-250x353.jpeg 250w, https:\/\/www.tuf-ev.de\/tuf_neu\/wp-content\/uploads\/2013\/09\/Hinweisplakat_Technikpreis2013_kl-680x961.jpeg 680w, https:\/\/www.tuf-ev.de\/tuf_neu\/wp-content\/uploads\/2013\/09\/Hinweisplakat_Technikpreis2013_kl-600x848.jpeg 600w, https:\/\/www.tuf-ev.de\/tuf_neu\/wp-content\/uploads\/2013\/09\/Hinweisplakat_Technikpreis2013_kl-125x176.jpeg 125w, https:\/\/www.tuf-ev.de\/tuf_neu\/wp-content\/uploads\/2013\/09\/Hinweisplakat_Technikpreis2013_kl.jpeg 1200w\" sizes=\"auto, (max-width: 212px) 100vw, 212px\" \/><\/p>\n<p>Der VDE Rhein-Ruhr e.V., die gr\u00f6\u00dfte regionale Vereinigung im VDE, hat im Jahr 2013 bereits zum 9. Mal seinen Technikpreis f\u00fcr Schulen ausgeschrieben. Damit soll bei Sch\u00fclerinnen und Sch\u00fclern in der Region Rhein-Ruhr Technikinteresse auf dem Gebiet der Elektrotechnik, Elektronik und Informationstechnik beispielhaft geweckt und nachhaltig gef\u00f6rdert werden. Die Gestaltung dieses Wettbewerbs erfolgt seit Beginn in enger Kooperation mit dem TUF e.V.<\/p>\n<p>Von den teilnehmenden Schulen werden \u00a0im Fr\u00fchjahr jeden Jahres jeweils 10 Projektgruppen mit den nach Meinung der Jury attraktivsten Wettbewerbsbeitr\u00e4gen f\u00fcr die Endrunde ausgew\u00e4hlt, die jeweils 500,&#8211; \u20ac f\u00fcr die Umsetzung Ihrer Projektidee erhalten.<\/p>\n<p>Am Ende eines Schuljahres\u00a0erfolgt die Pr\u00e4mierung\u00a0in einer Abschlussveranstaltung.<\/p>\n<p>Dabei werden \u00a0drei Hauptpreise im Gesamtwert von 5.000 \u20ac f\u00fcr technisch orientierte Projekte bzw. Ma\u00dfnahmen vergeben, die insbesondere durch Originalit\u00e4t und Kreativit\u00e4t herausragen.<\/p>\n<p>Die Siegergruppen der letzten Jahre finden Sie in der Unternavigation zu diesem Menupunkt.<\/p>\n<p>F\u00fcr die 10. Wettbewerbsrunde werden hier rechtzeitig die Ausschreibungsunterlagen verf\u00fcgbar sein.<\/p>\n","protected":false},"excerpt":{"rendered":"<p>Der VDE Rhein-Ruhr e.V., die gr\u00f6\u00dfte regionale Vereinigung im VDE, hat im Jahr 2013 bereits zum 9. Mal seinen Technikpreis f\u00fcr Schulen ausgeschrieben. Damit soll bei Sch\u00fclerinnen und Sch\u00fclern in der Region Rhein-Ruhr Technikinteresse auf dem Gebiet der Elektrotechnik, Elektronik und Informationstechnik beispielhaft geweckt und nachhaltig gef\u00f6rdert werden. Die Gestaltung dieses Wettbewerbs erfolgt seit Beginn&nbsp;&hellip;<\/p>\n","protected":false},"author":1,"featured_media":0,"parent":0,"menu_order":0,"comment_status":"closed","ping_status":"closed","template":"","meta":{"cybocfi_hide_featured_image":"","footnotes":""},"class_list":["post-460","page","type-page","status-publish","hentry"],"_links":{"self":[{"href":"https:\/\/www.tuf-ev.de\/tuf_neu\/wp-json\/wp\/v2\/pages\/460","targetHints":{"allow":["GET"]}}],"collection":[{"href":"https:\/\/www.tuf-ev.de\/tuf_neu\/wp-json\/wp\/v2\/pages"}],"about":[{"href":"https:\/\/www.tuf-ev.de\/tuf_neu\/wp-json\/wp\/v2\/types\/page"}],"author":[{"embeddable":true,"href":"https:\/\/www.tuf-ev.de\/tuf_neu\/wp-json\/wp\/v2\/users\/1"}],"replies":[{"embeddable":true,"href":"https:\/\/www.tuf-ev.de\/tuf_neu\/wp-json\/wp\/v2\/comments?post=460"}],"version-history":[{"count":9,"href":"https:\/\/www.tuf-ev.de\/tuf_neu\/wp-json\/wp\/v2\/pages\/460\/revisions"}],"predecessor-version":[{"id":759,"href":"https:\/\/www.tuf-ev.de\/tuf_neu\/wp-json\/wp\/v2\/pages\/460\/revisions\/759"}],"wp:attachment":[{"href":"https:\/\/www.tuf-ev.de\/tuf_neu\/wp-json\/wp\/v2\/media?parent=460"}],"curies":[{"name":"wp","href":"https:\/\/api.w.org\/{rel}","templated":true}]}}