{"id":554,"date":"2013-09-23T23:55:17","date_gmt":"2013-09-23T21:55:17","guid":{"rendered":"http:\/\/www.tuf-ev.de\/tuf_neu\/?page_id=554"},"modified":"2021-09-25T07:27:22","modified_gmt":"2021-09-25T05:27:22","slug":"kooperation-mit-baden-wuerttemberg","status":"publish","type":"page","link":"https:\/\/www.tuf-ev.de\/tuf_neu\/kooperation-mit-baden-wuerttemberg\/","title":{"rendered":"Kooperation mit Baden-W\u00fcrttemberg"},"content":{"rendered":"<p><a href=\"https:\/\/www.tuf-ev.de\/tuf_neu\/wp-content\/uploads\/2021\/09\/nwt-bw.jpg\"><img loading=\"lazy\" decoding=\"async\" class=\"alignleft  wp-image-2326\" src=\"https:\/\/www.tuf-ev.de\/tuf_neu\/wp-content\/uploads\/2021\/09\/nwt-bw.jpg\" alt=\"\" width=\"185\" height=\"185\" srcset=\"https:\/\/www.tuf-ev.de\/tuf_neu\/wp-content\/uploads\/2021\/09\/nwt-bw.jpg 400w, https:\/\/www.tuf-ev.de\/tuf_neu\/wp-content\/uploads\/2021\/09\/nwt-bw-300x300.jpg 300w, https:\/\/www.tuf-ev.de\/tuf_neu\/wp-content\/uploads\/2021\/09\/nwt-bw-150x150.jpg 150w\" sizes=\"auto, (max-width: 185px) 100vw, 185px\" \/><\/a>Seit dem Jahr 2011 ist eine l\u00e4nder\u00fcbergreifende Zusammenarbeit NRW und Baden-W\u00fcrttemberg im Bereich technischer Bildung vereinbart. Hier gab es bereits einige ertragreiche gemeinsame Veranstaltungen.<\/p>\n<p>In BW ist das Fach NwT im Bereich Sekundarstufe I fest verankert. F\u00fcr die gymnasiale Oberstufe ist eine Einf\u00fchrung in Vorbereitung.<\/p>\n<p>Der gegenseitige Austausch wird sicher der Entwicklung in beiden L\u00e4ndern neue Anregungen geben.<\/p>\n<p>Einige KollegInnen aus BW sind TUF-Mitglieder.<\/p>\n<p>Seit 2019 ist der Lehrerverband NWT-BW gegr\u00fcndet <a href=\"https:\/\/nwt-bw.de\" target=\"_blank\" rel=\"noopener\">https:\/\/nwt-bw.de<\/a>.<\/p>\n<p>Auf der <a href=\"http:\/\/www.nwt-bw.de\" target=\"_blank\" rel=\"noopener noreferrer\">offiziellen Website<\/a> in BW sind zahlreiche Materialien zu finden<\/p>\n","protected":false},"excerpt":{"rendered":"<p>Seit dem Jahr 2011 ist eine l\u00e4nder\u00fcbergreifende Zusammenarbeit NRW und Baden-W\u00fcrttemberg im Bereich technischer Bildung vereinbart. Hier gab es bereits einige ertragreiche gemeinsame Veranstaltungen. In BW ist das Fach NwT im Bereich Sekundarstufe I fest verankert. F\u00fcr die gymnasiale Oberstufe ist eine Einf\u00fchrung in Vorbereitung. Der gegenseitige Austausch wird sicher der Entwicklung in beiden L\u00e4ndern&nbsp;&hellip;<\/p>\n","protected":false},"author":1,"featured_media":0,"parent":0,"menu_order":0,"comment_status":"closed","ping_status":"closed","template":"","meta":{"cybocfi_hide_featured_image":"","footnotes":""},"class_list":["post-554","page","type-page","status-publish","hentry"],"_links":{"self":[{"href":"https:\/\/www.tuf-ev.de\/tuf_neu\/wp-json\/wp\/v2\/pages\/554","targetHints":{"allow":["GET"]}}],"collection":[{"href":"https:\/\/www.tuf-ev.de\/tuf_neu\/wp-json\/wp\/v2\/pages"}],"about":[{"href":"https:\/\/www.tuf-ev.de\/tuf_neu\/wp-json\/wp\/v2\/types\/page"}],"author":[{"embeddable":true,"href":"https:\/\/www.tuf-ev.de\/tuf_neu\/wp-json\/wp\/v2\/users\/1"}],"replies":[{"embeddable":true,"href":"https:\/\/www.tuf-ev.de\/tuf_neu\/wp-json\/wp\/v2\/comments?post=554"}],"version-history":[{"count":5,"href":"https:\/\/www.tuf-ev.de\/tuf_neu\/wp-json\/wp\/v2\/pages\/554\/revisions"}],"predecessor-version":[{"id":2327,"href":"https:\/\/www.tuf-ev.de\/tuf_neu\/wp-json\/wp\/v2\/pages\/554\/revisions\/2327"}],"wp:attachment":[{"href":"https:\/\/www.tuf-ev.de\/tuf_neu\/wp-json\/wp\/v2\/media?parent=554"}],"curies":[{"name":"wp","href":"https:\/\/api.w.org\/{rel}","templated":true}]}}