{"id":707,"date":"2013-10-13T14:27:42","date_gmt":"2013-10-13T12:27:42","guid":{"rendered":"http:\/\/www.tuf-ev.de\/tuf_neu\/?page_id=707"},"modified":"2013-10-13T14:42:50","modified_gmt":"2013-10-13T12:42:50","slug":"vde-technikpreis-200405","status":"publish","type":"page","link":"https:\/\/www.tuf-ev.de\/tuf_neu\/technikpreis-vde-rhein-ruhr-und-tuf-e-v\/vde-technikpreis-200405\/","title":{"rendered":"VDE-Technikpreis 2004\/05"},"content":{"rendered":"<h3>1. Platz &#8211;\u00a0Gymnasium Bergkamen<\/h3>\n<p><strong><span style=\"color: #ff0000;\">Zugangskontrolle mit Barcode<\/span><\/strong><br \/>\nDie 7 Sch\u00fclerinnen und Sch\u00fcler des Technikkurses im Jahrgang 12 \u00fcberzeugten die Jury mit der Kreativit\u00e4t und der Ausf\u00fchrung ihrer Arbeit.<\/p>\n<h3>2. Platz &#8211;\u00a0Geschwister-Scholl-Gymnasium Wetter<\/h3>\n<div><strong><span style=\"color: #ff0000;\">Wind und Windenergie<\/span><\/strong><br \/>\nDie M\u00e4dchengruppe aus Wetter belegte in der Gesamtwertung den 2. Platz. Besonders \u00fcberzeugte ihr intensiver theoretischer und praktischer Zugang auf das Thema.<\/div>\n<h3>3. Platz &#8211;\u00a0Willy-Brandt-Schule M\u00fclheim<\/h3>\n<div><strong><span style=\"color: #ff0000;\">Entwicklung eines Experimentiersystems zum Themengebiet Alarmtechnik<\/span><\/strong><br \/>\nDie 21 Sch\u00fclerinnen und Sch\u00fcler des Grundkurses Technik in der Jahrgangsstufe 12 konnten ein ausgereiftes System vorlegen, mit dem im Unterricht sicher und flexibel verschiedenste Aufgabenstellungen aus dem Bereich der Alarmtechnik gel\u00f6st werden k\u00f6nnen &#8211; und dies zu einem erstaunlich niedrigen Preis.<\/div>\n<h3>Top Ten<\/h3>\n<p>Die folgenden Schulen konnten sich in der 1. Wettbewerbsphase unter den 25 Anmeldungen mit ebenfalls hervoragenden Projektideen und -umsetzungen f\u00fcr die 2. Wettbewerbsphase qualifizieren und damit die TOP TEN erreichen. Neben den bereits oben beschriebenen 1. &#8211; 3. Pl\u00e4tzen wurde keine weitere Rangfolge festgelegt.<\/p>\n<table border=\"0\">\n<tbody>\n<tr>\n<td>Berufskolleg Gladbeck<\/td>\n<td>Roboter (F\u00f6rderb\u00e4nder)<\/td>\n<\/tr>\n<tr>\n<td>Berufskolleg Wesel<\/td>\n<td>Handling: Farberkennung &amp; Einlagern<\/td>\n<\/tr>\n<tr>\n<td colspan=\"1\">Gesamtschule Velbert-Mitte<\/td>\n<td colspan=\"1\">Bau einer Akkuladestation<\/td>\n<\/tr>\n<tr>\n<td colspan=\"1\">Gesamtschule Velbert-Mitte<\/td>\n<td colspan=\"1\">Bau eines Modellhauses zur Untersuchung von Energiesparma\u00dfnahmen<\/td>\n<\/tr>\n<tr>\n<td colspan=\"1\">Hildegardis Schule Bochum<\/td>\n<td colspan=\"1\">Bau eines Beamers<\/td>\n<\/tr>\n<tr>\n<td colspan=\"1\">Ingeborg-Drewitz-Gesamtschule, Gladbeck<\/td>\n<td colspan=\"1\">Bau eines PCR-Roboters<\/td>\n<\/tr>\n<tr>\n<td colspan=\"1\">Kardinal-von-Galen-Gymnasium, M\u00fcnster<\/td>\n<td colspan=\"1\">\u00a0KvG Firebots (Roboter AG)<\/td>\n<\/tr>\n<\/tbody>\n<\/table>\n","protected":false},"excerpt":{"rendered":"<p>1. Platz &#8211;\u00a0Gymnasium Bergkamen Zugangskontrolle mit Barcode Die 7 Sch\u00fclerinnen und Sch\u00fcler des Technikkurses im Jahrgang 12 \u00fcberzeugten die Jury mit der Kreativit\u00e4t und der Ausf\u00fchrung ihrer Arbeit. 2. Platz &#8211;\u00a0Geschwister-Scholl-Gymnasium Wetter Wind und Windenergie Die M\u00e4dchengruppe aus Wetter belegte in der Gesamtwertung den 2. Platz. Besonders \u00fcberzeugte ihr intensiver theoretischer und praktischer Zugang auf&nbsp;&hellip;<\/p>\n","protected":false},"author":1,"featured_media":0,"parent":460,"menu_order":0,"comment_status":"closed","ping_status":"closed","template":"","meta":{"cybocfi_hide_featured_image":"","footnotes":""},"class_list":["post-707","page","type-page","status-publish","hentry"],"_links":{"self":[{"href":"https:\/\/www.tuf-ev.de\/tuf_neu\/wp-json\/wp\/v2\/pages\/707","targetHints":{"allow":["GET"]}}],"collection":[{"href":"https:\/\/www.tuf-ev.de\/tuf_neu\/wp-json\/wp\/v2\/pages"}],"about":[{"href":"https:\/\/www.tuf-ev.de\/tuf_neu\/wp-json\/wp\/v2\/types\/page"}],"author":[{"embeddable":true,"href":"https:\/\/www.tuf-ev.de\/tuf_neu\/wp-json\/wp\/v2\/users\/1"}],"replies":[{"embeddable":true,"href":"https:\/\/www.tuf-ev.de\/tuf_neu\/wp-json\/wp\/v2\/comments?post=707"}],"version-history":[{"count":4,"href":"https:\/\/www.tuf-ev.de\/tuf_neu\/wp-json\/wp\/v2\/pages\/707\/revisions"}],"predecessor-version":[{"id":712,"href":"https:\/\/www.tuf-ev.de\/tuf_neu\/wp-json\/wp\/v2\/pages\/707\/revisions\/712"}],"up":[{"embeddable":true,"href":"https:\/\/www.tuf-ev.de\/tuf_neu\/wp-json\/wp\/v2\/pages\/460"}],"wp:attachment":[{"href":"https:\/\/www.tuf-ev.de\/tuf_neu\/wp-json\/wp\/v2\/media?parent=707"}],"curies":[{"name":"wp","href":"https:\/\/api.w.org\/{rel}","templated":true}]}}